{"id":1663,"date":"2023-10-30T11:09:07","date_gmt":"2023-10-30T14:09:07","guid":{"rendered":"https:\/\/predponta.com.br\/blog\/?page_id=1663"},"modified":"2023-10-31T17:02:33","modified_gmt":"2023-10-31T20:02:33","slug":"analise-de-oleo","status":"publish","type":"page","link":"https:\/\/predponta.com.br\/blog\/analise-de-oleo\/","title":{"rendered":"An\u00e1lise de \u00d3leo"},"content":{"rendered":"\t\t<div data-elementor-type=\"wp-page\" data-elementor-id=\"1663\" class=\"elementor elementor-1663\" data-elementor-settings=\"[]\">\n\t\t\t\t\t\t\t<div class=\"elementor-section-wrap\">\n\t\t\t\t\t\t\t<section class=\"elementor-section elementor-top-section elementor-element elementor-element-f1228e6 elementor-section-boxed elementor-section-height-default elementor-section-height-default\" data-id=\"f1228e6\" data-element_type=\"section\">\n\t\t\t\t\t\t<div class=\"elementor-container elementor-column-gap-default\">\n\t\t\t\t\t<div class=\"elementor-column elementor-col-100 elementor-top-column elementor-element elementor-element-ff82ea1\" data-id=\"ff82ea1\" data-element_type=\"column\">\n\t\t\t<div class=\"elementor-widget-wrap elementor-element-populated\">\n\t\t\t\t\t\t\t\t<div class=\"elementor-element elementor-element-d040c5b elementor-widget elementor-widget-about_us_intro\" data-id=\"d040c5b\" data-element_type=\"widget\" data-widget_type=\"about_us_intro.default\">\n\t\t\t\t<div class=\"elementor-widget-container\">\n\t\t\t\n\t<section>\n\t\t<div class=\"w-100 pt-100 pb-100 position-relative\">\n\t\t\t<div class=\"container\">\n\t\t\t\t<div class=\"about-wrap w-100\">\n\t\t\t\t\t<div class=\"row justify-content-center\">\n\t\t\t\t\t\t<div class=\"col-md-12 col-sm-12 col-lg-10\">\n\t\t\t\t\t\t\t<div class=\"about-content-wrap w-100\">\n\t\t\t\t\t\t\t\t<div class=\"row\">\n\t\t\t\t\t\t\t\t\t\t\t\t\t\t\t\t\t<div class=\"col-md-12 col-sm-12 col-lg-4\">\n\t\t\t\t\t\t\t\t\t\t<div class=\"sec-title title-with-shape w-100\">\n\t\t\t\t\t\t\t\t\t\t\t<div class=\"sec-title-inner d-inline-block\">\n\t\t\t\t\t\t\t\t\t\t\t\t<span class=\"thm-clr d-block\">Bem vindo a Predponta MCA<\/span>\t\t\t\t\t\t\t\t\t\t\t\t<h3 class=\"mb-0\">Entenda mais<br \/>sobre a nossa An\u00e1lise de \u00d3leo<\/h3>\t\t\t\t\t\t\t\t\t\t\t<\/div>\n\t\t\t\t\t\t\t\t\t\t<\/div><!-- Sec Title -->\n\t\t\t\t\t\t\t\t\t<\/div>\n\t\t\t\t\t\t\t\t\t\t\t\t\t\t\t\t\t<div class=\"col-md-12 col-sm-12 col-lg-8\">\n\t\t\t\t\t\t\t\t\t\t\t\t\t\t\t\t\t\t\t\t\t<div class=\"about-desc w-100\">\n\t\t\t\t\t\t\t\t\t\t\t\t\t\t\t\t\t\t\t\t\t\t\t\t<h2 class=\"mb-0\">\n\t\t\t\t\t\t\t\t\t\t\t\t\tPrevenir falhas, aumentar a vida \u00fatil e reduzir custos com an\u00e1lises de \u00f3leo \n\t\t\t\t\t\t\t\t\t\t\t\t\t<strong class=\"thm-clr d-block\">Garanta confiabilidade e a efici\u00eancia dos seus ativos<\/strong>\n\t\t\t\t\t\t\t\t\t\t\t\t<\/h2>\n\t\t\t\t\t\t\t\t\t\t\t\t\t\t\t\t\t\t\t\t\t\t\t\t<p class=\"mb-0\"><p data-sourcepos=\"9:1-9:365\"><strong>An\u00e1lises de \u00f3leo s\u00e3o essenciais para garantir a seguran\u00e7a, a confiabilidade e a efici\u00eancia dos seus ativos.<\/strong> O \u00f3leo \u00e9 um componente vital de muitos equipamentos, desde motores a diesel a transformadores el\u00e9tricos. Ele \u00e9 respons\u00e1vel por lubrificar, refrigerar e proteger os componentes dos equipamentos, ajudando-os a funcionar de forma eficiente e evitar falhas.<\/p>\n<p data-sourcepos=\"11:1-11:370\">\u00a0<\/p><\/p>\t\t\t\t\t\t\t\t\t\t\t<\/div>\n\t\t\t\t\t\t\t\t\t\t\t\t\t\t\t\t\t\t\t\t<div class=\"serv-wrap w-100\">\n\t\t\t\t\t\t\t\t\t\t\t<div class=\"row\">\n\t\t\t\t\t\t\t\t\t\t\t\t\t\t\t\t\t\t\t\t\t\t\t\t\n\t\t\t\t\t\t\t\t\t\t\t\t<div class=\"col-md-6 col-sm-6 col-lg-6\">\n\t\t\t\t\t\t\t\t\t\t\t\t\t<div class=\"serv-box w-100\">\n\t\t\t\t\t\t\t\t\t\t\t\t\t\t<i class=\"thm-clr flaticon-oil-drum\"><\/i>\t\t\t\t\t\t\t\t\t\t\t\t\t\t<div class=\"serv-box-inner\">\n\t\t\t\t\t\t\t\t\t\t\t\t\t\t\t<h3 class=\"mb-0\"><a href=\"https:\/\/predponta.com.br\/blog\/services\/analises-de-oleo-lubrificante\/\" title=\"\">An\u00e1lises de \u00f3leo lubrificante<\/a><\/h3>\n\t\t\t\t\t\t\t\t\t\t\t\t\t\t\t<p class=\"mb-0\">Proteja seus equipamentos com an\u00e1lises de \u00f3leo lubrificante...<\/p>\n\t\t\t\t\t\t\t\t\t\t\t\t\t\t<\/div>\n\t\t\t\t\t\t\t\t\t\t\t\t\t<\/div>\n\t\t\t\t\t\t\t\t\t\t\t\t<\/div>\n\t\t\t\t\t\t\t\t\t\t\t\t\n\t\t\t\t\t\t\t\t\t\t\t\t\t\t\t\t\t\t\t\t\t\t\t\t\t\n\t\t\t\t\t\t\t\t\t\t\t\t<div class=\"col-md-6 col-sm-6 col-lg-6\">\n\t\t\t\t\t\t\t\t\t\t\t\t\t<div class=\"serv-box w-100\">\n\t\t\t\t\t\t\t\t\t\t\t\t\t\t<i class=\"thm-clr flaticon-oil-drum\"><\/i>\t\t\t\t\t\t\t\t\t\t\t\t\t\t<div class=\"serv-box-inner\">\n\t\t\t\t\t\t\t\t\t\t\t\t\t\t\t<h3 class=\"mb-0\"><a href=\"https:\/\/predponta.com.br\/blog\/services\/analise-de-oleo-diesel\/\" title=\"\">An\u00e1lise de \u00f3leo diesel<\/a><\/h3>\n\t\t\t\t\t\t\t\t\t\t\t\t\t\t\t<p class=\"mb-0\">Mantenha seu motor funcionando com an\u00e1lises de \u00f3leo...<\/p>\n\t\t\t\t\t\t\t\t\t\t\t\t\t\t<\/div>\n\t\t\t\t\t\t\t\t\t\t\t\t\t<\/div>\n\t\t\t\t\t\t\t\t\t\t\t\t<\/div>\n\t\t\t\t\t\t\t\t\t\t\t\t\n\t\t\t\t\t\t\t\t\t\t\t\t\t\t\t\t\t\t\t\t\t\t\t\t\t\n\t\t\t\t\t\t\t\t\t\t\t\t<div class=\"col-md-6 col-sm-6 col-lg-6\">\n\t\t\t\t\t\t\t\t\t\t\t\t\t<div class=\"serv-box w-100\">\n\t\t\t\t\t\t\t\t\t\t\t\t\t\t<i class=\"thm-clr flaticon-oil-drum\"><\/i>\t\t\t\t\t\t\t\t\t\t\t\t\t\t<div class=\"serv-box-inner\">\n\t\t\t\t\t\t\t\t\t\t\t\t\t\t\t<h3 class=\"mb-0\"><a href=\"https:\/\/predponta.com.br\/blog\/services\/analises-de-oleo-isolante\/\" title=\"\">An\u00e1lises de \u00f3leo isolante<\/a><\/h3>\n\t\t\t\t\t\t\t\t\t\t\t\t\t\t\t<p class=\"mb-0\">Proteja seus equipamentos el\u00e9tricos com an\u00e1lises de \u00f3leo...<\/p>\n\t\t\t\t\t\t\t\t\t\t\t\t\t\t<\/div>\n\t\t\t\t\t\t\t\t\t\t\t\t\t<\/div>\n\t\t\t\t\t\t\t\t\t\t\t\t<\/div>\n\t\t\t\t\t\t\t\t\t\t\t\t\n\t\t\t\t\t\t\t\t\t\t\t\t\t\t\t\t\t\t\t\t\t\t\t<\/div>\n\t\t\t\t\t\t\t\t\t\t<\/div><!-- Services Wrap -->\n\t\t\t\t\t\t\t\t\t<\/div>\n\t\t\t\t\t\t\t\t<\/div>\n\t\t\t\t\t\t\t<\/div>\t\n\t\t\t\t\t\t\t\t\t\t\t\t\t\t<div class=\"about-image position-relative w-100\">\n\t\t\t\t\t\t\t\t<span>100<sup>%<\/sup><i class=\"d-block\">Brasileira<\/i><\/span>\t\t\t\t\t\t\t\t<img decoding=\"async\" class=\"img-fluid w-100 brd-rd5\" src=\"https:\/\/predponta.com.br\/blog\/wp-content\/uploads\/2023\/10\/about-image1_analise_oleo-1.jpg\" alt=\"\">\n\t\t\t\t\t\t\t<\/div>\n\t\t\t\t\t\t\t\t\t\t\t\t\t<\/div>\n\t\t\t\t\t<\/div>\n\t\t\t\t<\/div><!-- About Wrap -->\n\t\t\t<\/div>\n\t\t<\/div>\n\t<\/section>\n\t\n\t\t\n    \t\t<\/div>\n\t\t\t\t<\/div>\n\t\t\t\t\t<\/div>\n\t\t<\/div>\n\t\t\t\t\t\t\t<\/div>\n\t\t<\/section>\n\t\t\t\t<section class=\"elementor-section elementor-top-section elementor-element elementor-element-fde9dc2 elementor-section-boxed elementor-section-height-default elementor-section-height-default\" data-id=\"fde9dc2\" data-element_type=\"section\">\n\t\t\t\t\t\t<div class=\"elementor-container elementor-column-gap-default\">\n\t\t\t\t\t<div class=\"elementor-column elementor-col-100 elementor-top-column elementor-element elementor-element-f5f2be4\" data-id=\"f5f2be4\" data-element_type=\"column\">\n\t\t\t<div class=\"elementor-widget-wrap elementor-element-populated\">\n\t\t\t\t\t\t\t\t<div class=\"elementor-element elementor-element-5fdc21c elementor-widget elementor-widget-cta-simple\" data-id=\"5fdc21c\" data-element_type=\"widget\" data-widget_type=\"cta-simple.default\">\n\t\t\t\t<div class=\"elementor-widget-container\">\n\t\t\t\t\n\t<script>\n\tjQuery(document).ready(function($){\n  'use strict';\n  var particlesID = '';\n  var particlesColor = '#fff';\n\n  jQuery('.particles-js').each(function(i, el) {\n    particlesID = jQuery(el).attr('id');\n    if( jQuery(el).data('color') != undefined ){\n      particlesColor = jQuery(el).data('color');\n    }\n    var test = particlesJS(particlesID,\n    {\n      \"particles\": {\n        \"number\": {\n          \"value\": 160,\n          \"density\": {\n            \"enable\": true,\n            \"value_area\": 800\n          }\n        },\n        \"color\": {\n          \"value\": particlesColor\n        },\n        \"shape\": {\n          \"type\": \"circle\",\n          \"stroke\": {\n            \"width\": 0,\n            \"color\": \"#000000\"\n          },\n          \"polygon\": {\n            \"nb_sides\": 5\n          },\n          \"image\": {\n            \"src\": \"img\/github.svg\",\n            \"width\": 100,\n            \"height\": 100\n          }\n        },\n        \"opacity\": {\n          \"value\": 1,\n          \"random\": true,\n          \"anim\": {\n            \"enable\": true,\n            \"speed\": 1,\n            \"opacity_min\": 0,\n            \"sync\": false\n          }\n        },\n        \"size\": {\n          \"value\": 4,\n          \"random\": true,\n          \"anim\": {\n            \"enable\": false,\n            \"speed\": 4,\n            \"size_min\": 0.3,\n            \"sync\": false\n          }\n        },\n        \"line_linked\": {\n          \"enable\": false,\n          \"distance\": 150,\n          \"color\": \"#ffffff\",\n          \"opacity\": 0.4,\n          \"width\": 1\n        },\n        \"move\": {\n          \"enable\": true,\n          \"speed\": 1,\n          \"direction\": \"none\",\n          \"random\": true,\n          \"straight\": false,\n          \"out_mode\": \"out\",\n          \"bounce\": false,\n          \"attract\": {\n            \"enable\": false,\n            \"rotateX\": 600,\n            \"rotateY\": 600\n          }\n        }\n      },\n      \"interactivity\": {\n        \"detect_on\": \"canvas\",\n        \"events\": {\n          \"onhover\": {\n            \"enable\": true,\n            \"mode\": \"bubble\"\n          },\n          \"onclick\": {\n            \"enable\": true,\n            \"mode\": \"repulse\"\n          },\n          \"resize\": true\n        },\n        \"modes\": {\n          \"grab\": {\n            \"distance\": 400,\n            \"line_linked\": {\n              \"opacity\": 1\n            }\n          },\n          \"bubble\": {\n            \"distance\": 250,\n            \"size\": 0,\n            \"duration\": 2,\n            \"opacity\": 0,\n            \"speed\": 3\n          },\n          \"repulse\": {\n            \"distance\": 400,\n            \"duration\": 0.4\n          },\n          \"push\": {\n            \"particles_nb\": 4\n          },\n          \"remove\": {\n            \"particles_nb\": 2\n          }\n        }\n      },\n      \"retina_detect\": true\n    }\n\n    );\n  });\n\t});<\/script>\n\t\n\t\t<section>\n\t\t<div class=\"w-100 pt-155 pb-155 blue-layer opc85 position-relative\">\n\t\t\t\t\t\t\t<div class=\"fixed-bg\" style=\"background-image: url(https:\/\/predponta.com.br\/blog\/wp-content\/uploads\/2023\/10\/about-image1_analise_oleo-1.jpg);\"><\/div>\n\t\t\t\t\t\t<div class=\"particles-js\" id=\"prtcl4\"><\/div>\n\t\t\t<div class=\"container\">\n\t\t\t\t<div class=\"banner-wrap position-relative text-center w-100\">\n\t\t\t\t\t<div class=\"banner-inner d-inline-block\">\n\t\t\t\t\t\t<h2 class=\"mb-0\">Conhe\u00e7a o nosso laborat\u00f3rio parceiro<\/h2>\t\t\t\t\t\t<p class=\"mb-0\">A Labolmac \u00e9 uma empresa 100% brasileira que nasceu para oferecer ao mercado novas t\u00e9cnicas, pr\u00e1ticas e know-how, visando os melhores resultados econ\u00f4micos para seus clientes atrav\u00e9s de presta\u00e7\u00e3o de servi\u00e7os e consultoria t\u00e9cnica em ensaios em \u00f3leos lubrificantes, \u00f3leos isolantes e combust\u00edvel (\u00f3leo diesel). Sua equipe t\u00e9cnica \u00e9 altamente qualificada e especializada, oferecendo treinamentos, consultoria t\u00e9cnica e acompanhamento de processos industriais.<\/p>\t\t\t\t\t\t<a class=\"thm-btn thm-bg\" href=\"https:\/\/www.labolmac.com.br\/laboratorio-de-analises-quimicas\" title=\"\">saiba mais<i class=\"flaticon-arrow-pointing-to-right\"><\/i><\/a>\t\t\t\t\t<\/div>\n\t\t\t\t<\/div><!-- Banner Wrap -->\n\t\t\t<\/div>\n\t\t<\/div>\n\t<\/section>\n\t\n    \t\t<\/div>\n\t\t\t\t<\/div>\n\t\t\t\t\t<\/div>\n\t\t<\/div>\n\t\t\t\t\t\t\t<\/div>\n\t\t<\/section>\n\t\t\t\t<section class=\"elementor-section elementor-top-section elementor-element elementor-element-aef3cd1 elementor-section-boxed elementor-section-height-default elementor-section-height-default\" data-id=\"aef3cd1\" data-element_type=\"section\">\n\t\t\t\t\t\t<div class=\"elementor-container elementor-column-gap-default\">\n\t\t\t\t\t<div class=\"elementor-column elementor-col-100 elementor-top-column elementor-element elementor-element-d6b1e78\" data-id=\"d6b1e78\" data-element_type=\"column\">\n\t\t\t<div class=\"elementor-widget-wrap elementor-element-populated\">\n\t\t\t\t\t\t\t\t<div class=\"elementor-element elementor-element-d16c181 elementor-widget elementor-widget-hot-deal\" data-id=\"d16c181\" data-element_type=\"widget\" data-widget_type=\"hot-deal.default\">\n\t\t\t\t<div class=\"elementor-widget-container\">\n\t\t\t\n\t\t\t      \n\t\t\t<section>\n                <div class=\"w-100 pt-130 pb-100 position-relative\">\n                    <div class=\"container\">\n                        <div class=\"sec-title2 w-100 hotty\">\n                            <div class=\"sec-title-inner2 d-inline-block\">\n                                <h2 class=\"mb-0\">An\u00e1lise de \u00f3leo: a melhor forma de proteger seus ativos<i>\ud83d\uddf2 <br> \ud83d\uddf2<\/i><\/h2>\n                                <p class=\"mb-0\">A an\u00e1lise de \u00f3leo \u00e9 um processo que permite identificar problemas no \u00f3leo antes que eles causem danos aos equipamentos. Os testes de an\u00e1lise de \u00f3leo podem verificar a qualidade do \u00f3leo, a presen\u00e7a de contaminantes e o desgaste dos componentes. Com base nos resultados dos testes, \u00e9 poss\u00edvel tomar medidas para prevenir falhas e estender a vida \u00fatil dos equipamentos.<\/p>\n                            <\/div>\n                        <\/div>\n                        <div class=\"solutions-wrap w-100\">\n                            <div class=\"row align-items-center\">\n                                <div class=\"col-md-6 col-sm-12 col-lg-6 post-detail-gallery-video-box position-relative\">\n                                    <a class=\"rounded-circle spinner\" href=\"https:\/\/youtu.be\/XsR9Csj6dyM\" data-fancybox title=\"\"><i class=\"flaticon-play\"><\/i><\/a>\n                                    <img decoding=\"async\" class=\"img-fluid w-100 brd-rd5\" src=\"https:\/\/predponta.com.br\/blog\/wp-content\/uploads\/2023\/10\/mq2.jpg\" alt=\"Project Image\">\n                                <\/div>\n                                <div class=\"col-md-6 col-sm-12 col-lg-6\">\n                                    <div class=\"solutions-content-wrap w-100\">\n                                        <h2 class=\"mb-0\">Os benef\u00edcios da an\u00e1lise de \u00f3leo incluem:<\/h2>\n                                        <ul class=\"solutions-list mb-0 list-unstyled w-100\">\n\t\t\t\t\t\t\t\t\t\t\t\n\t\t\t\t\t\t\t\t\t\t\t\t\t<li class = \"active\">\n\t\t\t\t\t\t\t\t\t\t\t\t\t\t<i class=\"\">+<\/i>\n\t\t\t\t\t\t\t\t\t\t\t\t\t\t<h4 class=\"mb-0\">Preven\u00e7\u00e3o de falhas:<\/h4>\n\t\t\t\t\t\t\t\t\t\t\t\t\t\t<p class=\"mb-0\">A an\u00e1lise de \u00f3leo pode ajudar a identificar problemas no \u00f3leo antes que eles causem danos aos equipamentos. Isso pode evitar falhas catastr\u00f3ficas, que podem causar tempo de inatividade de produ\u00e7\u00e3o, perda de receita e danos \u00e0 propriedade.<\/p>\n\t\t\t\t\t\t\t\t\t\t\t\t\t<\/li>\n\t\t\t\t\t\t\t\t\t\t\t\n\t\t\t\t\t\t\t\t\t\t\t\t\t<li class = \"\">\n\t\t\t\t\t\t\t\t\t\t\t\t\t\t<i class=\"\">+<\/i>\n\t\t\t\t\t\t\t\t\t\t\t\t\t\t<h4 class=\"mb-0\">Aumento da vida \u00fatil<\/h4>\n\t\t\t\t\t\t\t\t\t\t\t\t\t\t<p class=\"mb-0\">A an\u00e1lise de \u00f3leo pode ajudar a identificar problemas no \u00f3leo antes que eles causem danos aos componentes dos equipamentos. Isso pode ajudar a estender a vida \u00fatil dos equipamentos e reduzir os custos de manuten\u00e7\u00e3o.<\/p>\n\t\t\t\t\t\t\t\t\t\t\t\t\t<\/li>\n\t\t\t\t\t\t\t\t\t\t\t\n\t\t\t\t\t\t\t\t\t\t\t\t\t<li class = \"\">\n\t\t\t\t\t\t\t\t\t\t\t\t\t\t<i class=\"\">+<\/i>\n\t\t\t\t\t\t\t\t\t\t\t\t\t\t<h4 class=\"mb-0\">Redu\u00e7\u00e3o de custos:<\/h4>\n\t\t\t\t\t\t\t\t\t\t\t\t\t\t<p class=\"mb-0\">A an\u00e1lise de \u00f3leo pode ajudar a identificar problemas no \u00f3leo antes que eles causem falhas. Isso pode ajudar a reduzir os custos de manuten\u00e7\u00e3o, pois as falhas podem ser evitadas ou atrasadas.<\/p>\n\t\t\t\t\t\t\t\t\t\t\t\t\t<\/li>\n                                        <\/ul>\n                                    <\/div>\n                                <\/div>\n                            <\/div>\n                        <\/div><!-- Solutions Wrap -->\n                    <\/div>\n                <\/div>\n            <\/section>\t\t<\/div>\n\t\t\t\t<\/div>\n\t\t\t\t\t<\/div>\n\t\t<\/div>\n\t\t\t\t\t\t\t<\/div>\n\t\t<\/section>\n\t\t\t\t<section class=\"elementor-section elementor-top-section elementor-element elementor-element-4bae3aa elementor-section-boxed elementor-section-height-default elementor-section-height-default\" data-id=\"4bae3aa\" data-element_type=\"section\">\n\t\t\t\t\t\t<div class=\"elementor-container elementor-column-gap-default\">\n\t\t\t\t\t<div class=\"elementor-column elementor-col-100 elementor-top-column elementor-element elementor-element-baa9f3b\" data-id=\"baa9f3b\" data-element_type=\"column\">\n\t\t\t<div class=\"elementor-widget-wrap elementor-element-populated\">\n\t\t\t\t\t\t\t\t<div class=\"elementor-element elementor-element-29fcb9b elementor-invisible elementor-widget elementor-widget-footer-cta\" data-id=\"29fcb9b\" data-element_type=\"widget\" data-settings=\"{&quot;_animation&quot;:&quot;slideInDown&quot;}\" data-widget_type=\"footer-cta.default\">\n\t\t\t\t<div class=\"elementor-widget-container\">\n\t\t\t\t\n\t<section>\n\t\t<div class=\"w-100 position-relative\">\n\t\t\t<div class=\"container\">\n\t\t\t\t<div class=\"getin-touch-wrap overlap-99 brd-rd5 style2 thm-layer opc8 w-100 overflow-hidden position-relative\">\n\t\t\t\t\t\t\t\t\t\t<div class=\"row align-items-center justify-content-between\">\n\t\t\t\t\t\t<div class=\"col-md-7 col-sm-12 col-lg-5\">\n\t\t\t\t\t\t\t<div class=\"getin-touch-title w-100\">\n\t\t\t\t\t\t\t\t\t\t\t\t\t\t\t\t\t<span class=\"text-color1 d-block\">Vamos agendar uma conversa?<\/span>\n\t\t\t\t\t\t\t\t\t\t\t\t\t\t\t\t<h2 class=\"mb-0\">Entre em contato agora mesmo<\/h2>\t\t\t\t\t\t\t<\/div>\n\t\t\t\t\t\t<\/div>\n\t\t\t\t\t\t<div class=\"col-md-5 col-sm-12 col-lg-4\">\n\t\t\t\t\t\t\t\t\t\t\t\t\t\t\t<div class=\"getin-touch-btn text-right\">\n\t\t\t\t\t\t\t\t\t<a class=\"thm-btn bg-color1\" href=\"https:\/\/api.whatsapp.com\/send\/?phone=554291525252&text=Oi%21+Vim+pelo+site+e+quero++saber+mais+sobre+os+servi%C3%A7os+da+Predponta%20MCA&type=phone_number&app_absent=0&utm_source=PredpontaMCA\" title=\"\">Agendar agora<i class=\"flaticon-arrow-pointing-to-right\"><\/i><\/a>\n\t\t\t\t\t\t\t\t<\/div>\n\t\t\t\t\t\t\t\t\t\t\t\t\t<\/div>\n\t\t\t\t\t<\/div>\n\t\t\t\t<\/div>\n\t\t\t<\/div>\n\t\t<\/div>\n\t<\/section>\n\n    \t\t<\/div>\n\t\t\t\t<\/div>\n\t\t\t\t\t<\/div>\n\t\t<\/div>\n\t\t\t\t\t\t\t<\/div>\n\t\t<\/section>\n\t\t\t\t<section class=\"elementor-section elementor-top-section elementor-element elementor-element-4e33be3 elementor-section-full_width elementor-section-height-default elementor-section-height-default\" data-id=\"4e33be3\" data-element_type=\"section\">\n\t\t\t\t\t\t<div class=\"elementor-container elementor-column-gap-default\">\n\t\t\t\t\t<div class=\"elementor-column elementor-col-100 elementor-top-column elementor-element elementor-element-2db32dd\" data-id=\"2db32dd\" data-element_type=\"column\">\n\t\t\t<div class=\"elementor-widget-wrap elementor-element-populated\">\n\t\t\t\t\t\t\t\t<div class=\"elementor-element elementor-element-bf1d44b elementor-widget elementor-widget-spacer\" data-id=\"bf1d44b\" data-element_type=\"widget\" data-widget_type=\"spacer.default\">\n\t\t\t\t<div class=\"elementor-widget-container\">\n\t\t\t\t\t<div class=\"elementor-spacer\">\n\t\t\t<div class=\"elementor-spacer-inner\"><\/div>\n\t\t<\/div>\n\t\t\t\t<\/div>\n\t\t\t\t<\/div>\n\t\t\t\t\t<\/div>\n\t\t<\/div>\n\t\t\t\t\t\t\t<\/div>\n\t\t<\/section>\n\t\t\t\t\t\t<\/div>\n\t\t\t\t\t<\/div>\n\t\t","protected":false},"excerpt":{"rendered":"<p>Bem vindo a Predponta MCA Entenda maissobre a nossa An\u00e1lise de \u00d3leo Prevenir falhas, aumentar a vida \u00fatil e reduzir custos com an\u00e1lises de \u00f3leo Garanta confiabilidade e a efici\u00eancia dos seus ativos An\u00e1lises de \u00f3leo s\u00e3o essenciais para garantir a seguran\u00e7a, a confiabilidade e a efici\u00eancia dos seus ativos. [&hellip;]<\/p>\n","protected":false},"author":1,"featured_media":0,"parent":0,"menu_order":0,"comment_status":"closed","ping_status":"closed","template":"elementor_theme","meta":{"_monsterinsights_skip_tracking":false,"_monsterinsights_sitenote_active":false,"_monsterinsights_sitenote_note":"","_monsterinsights_sitenote_category":0,"footnotes":""},"class_list":["post-1663","page","type-page","status-publish","hentry"],"_links":{"self":[{"href":"https:\/\/predponta.com.br\/blog\/wp-json\/wp\/v2\/pages\/1663","targetHints":{"allow":["GET"]}}],"collection":[{"href":"https:\/\/predponta.com.br\/blog\/wp-json\/wp\/v2\/pages"}],"about":[{"href":"https:\/\/predponta.com.br\/blog\/wp-json\/wp\/v2\/types\/page"}],"author":[{"embeddable":true,"href":"https:\/\/predponta.com.br\/blog\/wp-json\/wp\/v2\/users\/1"}],"replies":[{"embeddable":true,"href":"https:\/\/predponta.com.br\/blog\/wp-json\/wp\/v2\/comments?post=1663"}],"version-history":[{"count":66,"href":"https:\/\/predponta.com.br\/blog\/wp-json\/wp\/v2\/pages\/1663\/revisions"}],"predecessor-version":[{"id":1748,"href":"https:\/\/predponta.com.br\/blog\/wp-json\/wp\/v2\/pages\/1663\/revisions\/1748"}],"wp:attachment":[{"href":"https:\/\/predponta.com.br\/blog\/wp-json\/wp\/v2\/media?parent=1663"}],"curies":[{"name":"wp","href":"https:\/\/api.w.org\/{rel}","templated":true}]}}