{"id":378,"date":"2020-11-27T10:17:15","date_gmt":"2020-11-27T13:17:15","guid":{"rendered":"https:\/\/nauthemes.com\/wp\/kriate\/?page_id=378"},"modified":"2023-10-18T14:12:07","modified_gmt":"2023-10-18T17:12:07","slug":"parceiros","status":"publish","type":"page","link":"https:\/\/predponta.com.br\/blog\/parceiros\/","title":{"rendered":"Parceiros"},"content":{"rendered":"\t\t<div data-elementor-type=\"wp-page\" data-elementor-id=\"378\" class=\"elementor elementor-378\" data-elementor-settings=\"[]\">\n\t\t\t\t\t\t\t<div class=\"elementor-section-wrap\">\n\t\t\t\t\t\t\t<section class=\"elementor-section elementor-top-section elementor-element elementor-element-7ebe1ce elementor-section-full_width elementor-section-stretched elementor-section-height-default elementor-section-height-default\" data-id=\"7ebe1ce\" data-element_type=\"section\" data-settings=\"{&quot;stretch_section&quot;:&quot;section-stretched&quot;}\">\n\t\t\t\t\t\t<div class=\"elementor-container elementor-column-gap-no\">\n\t\t\t\t\t<div class=\"elementor-column elementor-col-100 elementor-top-column elementor-element elementor-element-3d605ff\" data-id=\"3d605ff\" data-element_type=\"column\">\n\t\t\t<div class=\"elementor-widget-wrap elementor-element-populated\">\n\t\t\t\t\t\t\t\t<div class=\"elementor-element elementor-element-c1b40f0 elementor-widget elementor-widget-projects_grid\" data-id=\"c1b40f0\" data-element_type=\"widget\" data-widget_type=\"projects_grid.default\">\n\t\t\t\t<div class=\"elementor-widget-container\">\n\t\t\t\t\n\t<section>\n\t\t<div class=\"w-100 pt-100 pb-100 position-relative\">\n\t\t\t<div class=\"container\">\n\t\t\t\t\t\t\t\t<div class=\"proj-wrap w-100\">\n\t\t\t\t\t<div class=\"row justify-content-center\">\n\t\t\t\t\t\t\n\t\t\t\t\t\t\n\t\t\t\t\t\t\t<div class=\"col-md-4 col-sm-6 col-lg-3\">\n\t\t\t\t\t\t\t\t<div class=\"proj-box position-relative w-100\">\n\t\t\t\t\t\t\t\t\t\t\t\t\t\t\t\t\t\t\t<div class=\"proj-thumb overflow-hidden w-100\">\n\t\t\t\t\t\t\t\t\t\t\t<a href=\"https:\/\/predponta.com.br\/blog\/projects\/rodal-usinagem\/\" title=\"\">\n\t\t\t\t\t\t\t\t\t\t\t\t<img decoding=\"async\" class=\"img-fluid w-100\" src=\"https:\/\/predponta.com.br\/blog\/wp-content\/uploads\/bfi_thumb\/logos_parceiros_rodal_usinagem-qanxrsg1f35hh2rlbgtb1wsnzpz9batyihdka65yd4.jpg\" alt=\"\">\n\t\t\t\t\t\t\t\t\t\t\t<\/a>\n\t\t\t\t\t\t\t\t\t\t<\/div>\n\t\t\t\t\t\t\t\t\t\t\t\t\t\t\t\t\t\t<div class=\"proj-info position-absolute\">\n\t\t\t\t\t\t\t\t\t\t<i class=\"flaticon-helmet\"><\/i>\t\t\t\t\t\t\t\t\t\t<h3 class=\"mb-0\"><a href=\"https:\/\/predponta.com.br\/blog\/projects\/rodal-usinagem\/\" title=\"\">Rodal Usinagem<\/a><\/h3>\n\t\t\t\t\t\t\t\t\t<\/div>\n\t\t\t\t\t\t\t\t<\/div>\n\t\t\t\t\t\t\t<\/div>\n\t\t\t\t\t\t\t\n\t\t\t\t\t\t\n\t\t\t\t\t\t\t<div class=\"col-md-4 col-sm-6 col-lg-3\">\n\t\t\t\t\t\t\t\t<div class=\"proj-box position-relative w-100\">\n\t\t\t\t\t\t\t\t\t\t\t\t\t\t\t\t\t\t\t<div class=\"proj-thumb overflow-hidden w-100\">\n\t\t\t\t\t\t\t\t\t\t\t<a href=\"https:\/\/predponta.com.br\/blog\/projects\/msa-tech\/\" title=\"\">\n\t\t\t\t\t\t\t\t\t\t\t\t<img decoding=\"async\" class=\"img-fluid w-100\" src=\"https:\/\/predponta.com.br\/blog\/wp-content\/uploads\/bfi_thumb\/logos_parceiros_msa_tech-qany3ayv50wxp41h2xzs3i6xyn84ltjl3h2ox73c54.jpg\" alt=\"\">\n\t\t\t\t\t\t\t\t\t\t\t<\/a>\n\t\t\t\t\t\t\t\t\t\t<\/div>\n\t\t\t\t\t\t\t\t\t\t\t\t\t\t\t\t\t\t<div class=\"proj-info position-absolute\">\n\t\t\t\t\t\t\t\t\t\t<i class=\"flaticon-helmet\"><\/i>\t\t\t\t\t\t\t\t\t\t<h3 class=\"mb-0\"><a href=\"https:\/\/predponta.com.br\/blog\/projects\/msa-tech\/\" title=\"\">Msa Tech<\/a><\/h3>\n\t\t\t\t\t\t\t\t\t<\/div>\n\t\t\t\t\t\t\t\t<\/div>\n\t\t\t\t\t\t\t<\/div>\n\t\t\t\t\t\t\t\n\t\t\t\t\t\t\n\t\t\t\t\t\t\t<div class=\"col-md-4 col-sm-6 col-lg-3\">\n\t\t\t\t\t\t\t\t<div class=\"proj-box position-relative w-100\">\n\t\t\t\t\t\t\t\t\t\t\t\t\t\t\t\t\t\t\t<div class=\"proj-thumb overflow-hidden w-100\">\n\t\t\t\t\t\t\t\t\t\t\t<a href=\"https:\/\/predponta.com.br\/blog\/projects\/inovatech\/\" title=\"\">\n\t\t\t\t\t\t\t\t\t\t\t\t<img decoding=\"async\" class=\"img-fluid w-100\" src=\"https:\/\/predponta.com.br\/blog\/wp-content\/uploads\/bfi_thumb\/Inova_tech_logo-qm62lvgwzzqwmfsxob7yugzqhouxo7f6qcpnpmwu9k.jpg\" alt=\"\">\n\t\t\t\t\t\t\t\t\t\t\t<\/a>\n\t\t\t\t\t\t\t\t\t\t<\/div>\n\t\t\t\t\t\t\t\t\t\t\t\t\t\t\t\t\t\t<div class=\"proj-info position-absolute\">\n\t\t\t\t\t\t\t\t\t\t\t\t\t\t\t\t\t\t\t\t<h3 class=\"mb-0\"><a href=\"https:\/\/predponta.com.br\/blog\/projects\/inovatech\/\" title=\"\">InovaTech<\/a><\/h3>\n\t\t\t\t\t\t\t\t\t<\/div>\n\t\t\t\t\t\t\t\t<\/div>\n\t\t\t\t\t\t\t<\/div>\n\t\t\t\t\t\t\t\n\t\t\t\t\t\t\n\t\t\t\t\t\t\t<div class=\"col-md-4 col-sm-6 col-lg-3\">\n\t\t\t\t\t\t\t\t<div class=\"proj-box position-relative w-100\">\n\t\t\t\t\t\t\t\t\t\t\t\t\t\t\t\t\t\t\t<div class=\"proj-thumb overflow-hidden w-100\">\n\t\t\t\t\t\t\t\t\t\t\t<a href=\"https:\/\/predponta.com.br\/blog\/projects\/franstec\/\" title=\"\">\n\t\t\t\t\t\t\t\t\t\t\t\t<img decoding=\"async\" class=\"img-fluid w-100\" src=\"https:\/\/predponta.com.br\/blog\/wp-content\/uploads\/bfi_thumb\/frasntec_logo-qe1wnyirw218zs4dvj51jg6ypudo1zdv32rvoszgoo.png\" alt=\"\">\n\t\t\t\t\t\t\t\t\t\t\t<\/a>\n\t\t\t\t\t\t\t\t\t\t<\/div>\n\t\t\t\t\t\t\t\t\t\t\t\t\t\t\t\t\t\t<div class=\"proj-info position-absolute\">\n\t\t\t\t\t\t\t\t\t\t<i class=\"flaticon-worker\"><\/i>\t\t\t\t\t\t\t\t\t\t<h3 class=\"mb-0\"><a href=\"https:\/\/predponta.com.br\/blog\/projects\/franstec\/\" title=\"\">Franstec<\/a><\/h3>\n\t\t\t\t\t\t\t\t\t<\/div>\n\t\t\t\t\t\t\t\t<\/div>\n\t\t\t\t\t\t\t<\/div>\n\t\t\t\t\t\t\t\n\t\t\t\t\t\t\n\t\t\t\t\t\t\t<div class=\"col-md-4 col-sm-6 col-lg-3\">\n\t\t\t\t\t\t\t\t<div class=\"proj-box position-relative w-100\">\n\t\t\t\t\t\t\t\t\t\t\t\t\t\t\t\t\t\t\t<div class=\"proj-thumb overflow-hidden w-100\">\n\t\t\t\t\t\t\t\t\t\t\t<a href=\"https:\/\/predponta.com.br\/blog\/projects\/cia-da-agua\/\" title=\"\">\n\t\t\t\t\t\t\t\t\t\t\t\t<img decoding=\"async\" class=\"img-fluid w-100\" src=\"https:\/\/predponta.com.br\/blog\/wp-content\/uploads\/bfi_thumb\/logos_parceiros_cia_da_agua-qanxul0rqcz5zcpi06adypezjy7j6wx8kb6ims0tvc.jpg\" alt=\"\">\n\t\t\t\t\t\t\t\t\t\t\t<\/a>\n\t\t\t\t\t\t\t\t\t\t<\/div>\n\t\t\t\t\t\t\t\t\t\t\t\t\t\t\t\t\t\t<div class=\"proj-info position-absolute\">\n\t\t\t\t\t\t\t\t\t\t<i class=\"flaticon-worker-1\"><\/i>\t\t\t\t\t\t\t\t\t\t<h3 class=\"mb-0\"><a href=\"https:\/\/predponta.com.br\/blog\/projects\/cia-da-agua\/\" title=\"\">Cia da \u00c1gua<\/a><\/h3>\n\t\t\t\t\t\t\t\t\t<\/div>\n\t\t\t\t\t\t\t\t<\/div>\n\t\t\t\t\t\t\t<\/div>\n\t\t\t\t\t\t\t\n\t\t\t\t\t\t\n\t\t\t\t\t\t\t<div class=\"col-md-4 col-sm-6 col-lg-3\">\n\t\t\t\t\t\t\t\t<div class=\"proj-box position-relative w-100\">\n\t\t\t\t\t\t\t\t\t\t\t\t\t\t\t\t\t\t\t<div class=\"proj-thumb overflow-hidden w-100\">\n\t\t\t\t\t\t\t\t\t\t\t<a href=\"https:\/\/predponta.com.br\/blog\/projects\/ccpg-engenharia\/\" title=\"\">\n\t\t\t\t\t\t\t\t\t\t\t\t<img decoding=\"async\" class=\"img-fluid w-100\" src=\"https:\/\/predponta.com.br\/blog\/wp-content\/uploads\/bfi_thumb\/logos_parceiros_ccpg_engenharia-qanxxm21r54fe4b4bhf3zxwggna3zsy3nauuavj5tk.jpg\" alt=\"\">\n\t\t\t\t\t\t\t\t\t\t\t<\/a>\n\t\t\t\t\t\t\t\t\t\t<\/div>\n\t\t\t\t\t\t\t\t\t\t\t\t\t\t\t\t\t\t<div class=\"proj-info position-absolute\">\n\t\t\t\t\t\t\t\t\t\t<i class=\"flaticon-worker-1\"><\/i>\t\t\t\t\t\t\t\t\t\t<h3 class=\"mb-0\"><a href=\"https:\/\/predponta.com.br\/blog\/projects\/ccpg-engenharia\/\" title=\"\">CCPG Engenharia<\/a><\/h3>\n\t\t\t\t\t\t\t\t\t<\/div>\n\t\t\t\t\t\t\t\t<\/div>\n\t\t\t\t\t\t\t<\/div>\n\t\t\t\t\t\t\t\t\t\t\t<\/div>\n\t\t\t\t<\/div><!-- Projects Wrap -->\n\t\t\t\t\t\t\t\t\t<div class=\"view-all mt-20 w-100 text-center\">\n\t\t\t\t\t\t<a class=\"thm-btn thm-bg\" href=\"https:\/\/api.whatsapp.com\/send\/?phone=554291525252&#038;text=Oi%21+Vim+pelo+site+e+quero++saber+mais+sobre+os+servi%C3%A7os+da+Predponta%20MCA&#038;type=phone_number&#038;app_absent=0&#038;utm_source=WhatsVaralLavanderia\" title=\"\">Or\u00e7amento R\u00e1pido Whatsapp<i class=\"flaticon-arrow-pointing-to-right\"><\/i><\/a>\n\t\t\t\t\t<\/div><!-- View All -->\n\t\t\t\t\t\t\t<\/div>\n\t\t<\/div>\n\t<\/section>\n\n    \t\t<\/div>\n\t\t\t\t<\/div>\n\t\t\t\t<div class=\"elementor-element elementor-element-6ba6917 elementor-widget elementor-widget-partners-list\" data-id=\"6ba6917\" data-element_type=\"widget\" data-widget_type=\"partners-list.default\">\n\t\t\t\t<div class=\"elementor-widget-container\">\n\t\t\t\n\t\t\t\n\t\t\t<section>\n                <div class=\"w-100 pt-50 pb-50 position-relative\">\n                    <div class=\"container\">\n                        <div class=\"clients-wrap w-100\">\n                            <div class=\"row\">\n\t\t\t\t\t\t\t\t\t\t\t<div class=\"col-md-4 col-sm-4 col-lg-2\">\n\t\t\t\t\t\t\t\t\t\t\t\t<div class=\"client-box w-100\">\n\t\t\t\t\t\t\t\t\t\t\t\t\t<a href=\"https:\/\/predponta.com.br\/blog\/projects\/c-vale\/\" title=\"\"><img decoding=\"async\" class=\"img-fluid\" src=\"https:\/\/predponta.com.br\/blog\/wp-content\/uploads\/2021\/07\/Logos_novo_formato_27.jpg\" alt=\"Partners\"><\/a>\n\t\t\t\t\t\t\t\t\t\t\t\t<\/div>\n\t\t\t\t\t\t\t\t\t\t\t<\/div>\n\t\t\t\t\t\t\t\t\t\t\t<div class=\"col-md-4 col-sm-4 col-lg-2\">\n\t\t\t\t\t\t\t\t\t\t\t\t<div class=\"client-box w-100\">\n\t\t\t\t\t\t\t\t\t\t\t\t\t<a href=\"https:\/\/predponta.com.br\/blog\/projects\/continental-contitech\/\" title=\"\"><img decoding=\"async\" class=\"img-fluid\" src=\"https:\/\/predponta.com.br\/blog\/wp-content\/uploads\/2021\/07\/Logos_novo_formato_24.jpg\" alt=\"Partners\"><\/a>\n\t\t\t\t\t\t\t\t\t\t\t\t<\/div>\n\t\t\t\t\t\t\t\t\t\t\t<\/div>\n\t\t\t\t\t\t\t\t\t\t\t<div class=\"col-md-4 col-sm-4 col-lg-2\">\n\t\t\t\t\t\t\t\t\t\t\t\t<div class=\"client-box w-100\">\n\t\t\t\t\t\t\t\t\t\t\t\t\t<a href=\"https:\/\/predponta.com.br\/blog\/projects\/coca-cola-recofarma-manaus\/\" title=\"\"><img decoding=\"async\" class=\"img-fluid\" src=\"https:\/\/predponta.com.br\/blog\/wp-content\/uploads\/2021\/07\/Logos_novo_formato_23.jpg\" alt=\"Partners\"><\/a>\n\t\t\t\t\t\t\t\t\t\t\t\t<\/div>\n\t\t\t\t\t\t\t\t\t\t\t<\/div>\n\t\t\t\t\t\t\t\t\t\t\t<div class=\"col-md-4 col-sm-4 col-lg-2\">\n\t\t\t\t\t\t\t\t\t\t\t\t<div class=\"client-box w-100\">\n\t\t\t\t\t\t\t\t\t\t\t\t\t<a href=\"https:\/\/predponta.com.br\/blog\/projects\/arauco\/\" title=\"\"><img decoding=\"async\" class=\"img-fluid\" src=\"https:\/\/predponta.com.br\/blog\/wp-content\/uploads\/2021\/07\/Logos_novo_formato_21.jpg\" alt=\"Partners\"><\/a>\n\t\t\t\t\t\t\t\t\t\t\t\t<\/div>\n\t\t\t\t\t\t\t\t\t\t\t<\/div>\n\t\t\t\t\t\t\t\t\t\t\t<div class=\"col-md-4 col-sm-4 col-lg-2\">\n\t\t\t\t\t\t\t\t\t\t\t\t<div class=\"client-box w-100\">\n\t\t\t\t\t\t\t\t\t\t\t\t\t<a href=\"https:\/\/predponta.com.br\/blog\/projects\/caloi\/\" title=\"\"><img decoding=\"async\" class=\"img-fluid\" src=\"https:\/\/predponta.com.br\/blog\/wp-content\/uploads\/2021\/07\/Logos_novo_formato_18.jpg\" alt=\"Partners\"><\/a>\n\t\t\t\t\t\t\t\t\t\t\t\t<\/div>\n\t\t\t\t\t\t\t\t\t\t\t<\/div>\n\t\t\t\t\t\t\t\t\t\t\t<div class=\"col-md-4 col-sm-4 col-lg-2\">\n\t\t\t\t\t\t\t\t\t\t\t\t<div class=\"client-box w-100\">\n\t\t\t\t\t\t\t\t\t\t\t\t\t<a href=\"https:\/\/predponta.com.br\/blog\/projects\/air-liquide\/\" title=\"\"><img decoding=\"async\" class=\"img-fluid\" src=\"https:\/\/predponta.com.br\/blog\/wp-content\/uploads\/2021\/07\/Logos_novo_formato_3.jpg\" alt=\"Partners\"><\/a>\n\t\t\t\t\t\t\t\t\t\t\t\t<\/div>\n\t\t\t\t\t\t\t\t\t\t\t<\/div>\n                            <\/div>\n                        <\/div><!-- Clients Wrap -->\n                    <\/div>\n                <\/div>\n            <\/section>\t\t<\/div>\n\t\t\t\t<\/div>\n\t\t\t\t\t<\/div>\n\t\t<\/div>\n\t\t\t\t\t\t\t<\/div>\n\t\t<\/section>\n\t\t\t\t\t\t<\/div>\n\t\t\t\t\t<\/div>\n\t\t","protected":false},"excerpt":{"rendered":"<p>Rodal Usinagem Msa Tech Franstec Cia da \u00c1gua CCPG Engenharia Or\u00e7amento R\u00e1pido Whatsapp<\/p>\n","protected":false},"author":1,"featured_media":1307,"parent":0,"menu_order":0,"comment_status":"closed","ping_status":"closed","template":"","meta":{"_monsterinsights_skip_tracking":false,"_monsterinsights_sitenote_active":false,"_monsterinsights_sitenote_note":"","_monsterinsights_sitenote_category":0,"footnotes":""},"class_list":["post-378","page","type-page","status-publish","has-post-thumbnail","hentry"],"_links":{"self":[{"href":"https:\/\/predponta.com.br\/blog\/wp-json\/wp\/v2\/pages\/378","targetHints":{"allow":["GET"]}}],"collection":[{"href":"https:\/\/predponta.com.br\/blog\/wp-json\/wp\/v2\/pages"}],"about":[{"href":"https:\/\/predponta.com.br\/blog\/wp-json\/wp\/v2\/types\/page"}],"author":[{"embeddable":true,"href":"https:\/\/predponta.com.br\/blog\/wp-json\/wp\/v2\/users\/1"}],"replies":[{"embeddable":true,"href":"https:\/\/predponta.com.br\/blog\/wp-json\/wp\/v2\/comments?post=378"}],"version-history":[{"count":35,"href":"https:\/\/predponta.com.br\/blog\/wp-json\/wp\/v2\/pages\/378\/revisions"}],"predecessor-version":[{"id":1626,"href":"https:\/\/predponta.com.br\/blog\/wp-json\/wp\/v2\/pages\/378\/revisions\/1626"}],"wp:featuredmedia":[{"embeddable":true,"href":"https:\/\/predponta.com.br\/blog\/wp-json\/wp\/v2\/media\/1307"}],"wp:attachment":[{"href":"https:\/\/predponta.com.br\/blog\/wp-json\/wp\/v2\/media?parent=378"}],"curies":[{"name":"wp","href":"https:\/\/api.w.org\/{rel}","templated":true}]}}