{"id":425,"date":"2020-11-27T10:47:02","date_gmt":"2020-11-27T10:47:02","guid":{"rendered":"https:\/\/nauthemes.com\/wp\/kriate\/?page_id=425"},"modified":"2021-10-19T13:04:16","modified_gmt":"2021-10-19T16:04:16","slug":"todasaspostagens","status":"publish","type":"page","link":"https:\/\/predponta.com.br\/blog\/todasaspostagens\/","title":{"rendered":"Todas as Postagens"},"content":{"rendered":"\t\t<div data-elementor-type=\"wp-page\" data-elementor-id=\"425\" class=\"elementor elementor-425\" data-elementor-settings=\"[]\">\n\t\t\t\t\t\t\t<div class=\"elementor-section-wrap\">\n\t\t\t\t\t\t\t<section class=\"elementor-section elementor-top-section elementor-element elementor-element-ee7573c elementor-section-full_width elementor-section-stretched elementor-section-height-default elementor-section-height-default\" data-id=\"ee7573c\" data-element_type=\"section\" data-settings=\"{&quot;stretch_section&quot;:&quot;section-stretched&quot;}\">\n\t\t\t\t\t\t<div class=\"elementor-container elementor-column-gap-no\">\n\t\t\t\t\t<div class=\"elementor-column elementor-col-100 elementor-top-column elementor-element elementor-element-abe9372\" data-id=\"abe9372\" data-element_type=\"column\">\n\t\t\t<div class=\"elementor-widget-wrap elementor-element-populated\">\n\t\t\t\t\t\t\t\t<div class=\"elementor-element elementor-element-9284eba elementor-widget elementor-widget-blog_grid\" data-id=\"9284eba\" data-element_type=\"widget\" data-widget_type=\"blog_grid.default\">\n\t\t\t\t<div class=\"elementor-widget-container\">\n\t\t\t\n    \n   <section>\n\t\t<div class=\"w-100 pt-100 pb-100 position-relative\">\n\t\t\t<div class=\"container\">\n\t\t\t\t<div class=\"blog-wrap w-100\">\n\t\t\t\t\t<div class=\"row post-caro editted\">\n\t\t\t\t\t\t\t\n\t\t\t\t\t\t\t\t<div class=\"col-md-6 col-sm-6 col-lg-4\">\n\t\t\t\t\t\t\t\t\t<div class=\"post-box w-100 text-center\">\n\t\t\t\t\t\t\t\t\t\t<div class=\"post-info pt-30 w-100\">\n\t\t\t\t\t\t\t\t\t\t\t<ul class=\"post-meta mb-0 list-unstyled d-inline-flex\">\n\t\t\t\t\t\t\t\t\t\t\t\t<li><i class=\"far fa-calendar-alt\"><\/i>set 15, 2024<\/li>\n\t\t\t\t\t\t\t\t\t\t\t\t<li><i class=\"far fa-comment-dots\"><\/i>0 Comments<\/li>\n\t\t\t\t\t\t\t\t\t\t\t<\/ul>\n\t\t\t\t\t\t\t\t\t\t\t<h3 class=\"mb-0\"><a href=\"https:\/\/predponta.com.br\/blog\/case-analise-de-oleo-ransformador\/\" title=\"\">Case: An\u00e1lise de \u00f3leo transformador<\/a><\/h3>\n\t\t\t\t\t\t\t\t\t\t\t<p class=\"mb-0\">A PredpontaMCA realizou uma coleta e an\u00e1lise detalhada do \u00f3leo...<\/p>\n\t\t\t\t\t\t\t\t\t\t\t<div class=\"post-info-bottom d-flex flex-wrap w-100\">\n\t\t\t\t\t\t\t\t\t\t\t\t<span class=\"d-inline-block text-center\"><i class=\"far fa-edit\"><\/i><a href=\"https:\/\/predponta.com.br\/blog\/author\/predponta\/\" title=\"\">Posted By: predponta<\/a><\/span>\n\t\t\t\t\t\t\t\t\t\t\t<\/div>\n\t\t\t\t\t\t\t\t\t\t<\/div>\n\t\t\t\t\t\t\t\t\t<\/div>\n\t\t\t\t\t\t\t\t<\/div>\n\t\t\t\t\t\t\t\n\t\t\t\t\t\t\t\t<div class=\"col-md-6 col-sm-6 col-lg-4\">\n\t\t\t\t\t\t\t\t\t<div class=\"post-box w-100 text-center\">\n\t\t\t\t\t\t\t\t\t\t<div class=\"post-img w-100\">\n\t\t\t\t\t\t\t\t\t\t\t<a href=\"https:\/\/predponta.com.br\/blog\/caloi\/\" title=\"\"><span class = \"cato\">parceiros<\/span><img decoding=\"async\" class=\"img-fluid w-100\" src=\"https:\/\/predponta.com.br\/blog\/wp-content\/uploads\/bfi_thumb\/caloi-logo-1-qaddfmv0wmdvrsbwhxpvzd6aenvcwhkwk4jnuye1i0.png\" alt=\"Featured Image\">\n\t\t\t\t\t\t\t\t\t\t\t<\/a>\n\t\t\t\t\t\t\t\t\t\t<\/div>\n\t\t\t\t\t\t\t\t\t\t<div class=\"post-info  w-100\">\n\t\t\t\t\t\t\t\t\t\t\t<ul class=\"post-meta mb-0 list-unstyled d-inline-flex\">\n\t\t\t\t\t\t\t\t\t\t\t\t<li><i class=\"far fa-calendar-alt\"><\/i>ago 03, 2023<\/li>\n\t\t\t\t\t\t\t\t\t\t\t\t<li><i class=\"far fa-comment-dots\"><\/i>0 Comments<\/li>\n\t\t\t\t\t\t\t\t\t\t\t<\/ul>\n\t\t\t\t\t\t\t\t\t\t\t<h3 class=\"mb-0\"><a href=\"https:\/\/predponta.com.br\/blog\/caloi\/\" title=\"\">Caloi<\/a><\/h3>\n\t\t\t\t\t\t\t\t\t\t\t<p class=\"mb-0\">A Caloi \u00e9 uma marca brasileira de bicicletas de 124...<\/p>\n\t\t\t\t\t\t\t\t\t\t\t<div class=\"post-info-bottom d-flex flex-wrap w-100\">\n\t\t\t\t\t\t\t\t\t\t\t\t<span class=\"d-inline-block text-center\"><i class=\"far fa-edit\"><\/i><a href=\"https:\/\/predponta.com.br\/blog\/author\/predponta\/\" title=\"\">Posted By: predponta<\/a><\/span>\n\t\t\t\t\t\t\t\t\t\t\t<\/div>\n\t\t\t\t\t\t\t\t\t\t<\/div>\n\t\t\t\t\t\t\t\t\t<\/div>\n\t\t\t\t\t\t\t\t<\/div>\n\t\t\t\t\t\t\t\n\t\t\t\t\t\t\t\t<div class=\"col-md-6 col-sm-6 col-lg-4\">\n\t\t\t\t\t\t\t\t\t<div class=\"post-box w-100 text-center\">\n\t\t\t\t\t\t\t\t\t\t<div class=\"post-info pt-30 w-100\">\n\t\t\t\t\t\t\t\t\t\t\t<ul class=\"post-meta mb-0 list-unstyled d-inline-flex\">\n\t\t\t\t\t\t\t\t\t\t\t\t<li><i class=\"far fa-calendar-alt\"><\/i>fev 22, 2022<\/li>\n\t\t\t\t\t\t\t\t\t\t\t\t<li><i class=\"far fa-comment-dots\"><\/i>0 Comments<\/li>\n\t\t\t\t\t\t\t\t\t\t\t<\/ul>\n\t\t\t\t\t\t\t\t\t\t\t<h3 class=\"mb-0\"><a href=\"https:\/\/predponta.com.br\/blog\/elementor-1494\/\" title=\"\">PredpontaMCA + Xado<\/a><\/h3>\n\t\t\t\t\t\t\t\t\t\t\t<p class=\"mb-0\"><\/p>\n\t\t\t\t\t\t\t\t\t\t\t<div class=\"post-info-bottom d-flex flex-wrap w-100\">\n\t\t\t\t\t\t\t\t\t\t\t\t<span class=\"d-inline-block text-center\"><i class=\"far fa-edit\"><\/i><a href=\"https:\/\/predponta.com.br\/blog\/author\/predponta\/\" title=\"\">Posted By: predponta<\/a><\/span>\n\t\t\t\t\t\t\t\t\t\t\t<\/div>\n\t\t\t\t\t\t\t\t\t\t<\/div>\n\t\t\t\t\t\t\t\t\t<\/div>\n\t\t\t\t\t\t\t\t<\/div>\n\t\t\t\t\t\t\t\n\t\t\t\t\t\t\t\t<div class=\"col-md-6 col-sm-6 col-lg-4\">\n\t\t\t\t\t\t\t\t\t<div class=\"post-box w-100 text-center\">\n\t\t\t\t\t\t\t\t\t\t<div class=\"post-info pt-30 w-100\">\n\t\t\t\t\t\t\t\t\t\t\t<ul class=\"post-meta mb-0 list-unstyled d-inline-flex\">\n\t\t\t\t\t\t\t\t\t\t\t\t<li><i class=\"far fa-calendar-alt\"><\/i>fev 22, 2022<\/li>\n\t\t\t\t\t\t\t\t\t\t\t\t<li><i class=\"far fa-comment-dots\"><\/i>3 Comments<\/li>\n\t\t\t\t\t\t\t\t\t\t\t<\/ul>\n\t\t\t\t\t\t\t\t\t\t\t<h3 class=\"mb-0\"><a href=\"https:\/\/predponta.com.br\/blog\/catalogo-xado-2021-22\/\" title=\"\">Cat\u00e1logo XADO 2021\/22<\/a><\/h3>\n\t\t\t\t\t\t\t\t\t\t\t<p class=\"mb-0\"><\/p>\n\t\t\t\t\t\t\t\t\t\t\t<div class=\"post-info-bottom d-flex flex-wrap w-100\">\n\t\t\t\t\t\t\t\t\t\t\t\t<span class=\"d-inline-block text-center\"><i class=\"far fa-edit\"><\/i><a href=\"https:\/\/predponta.com.br\/blog\/author\/predponta\/\" title=\"\">Posted By: predponta<\/a><\/span>\n\t\t\t\t\t\t\t\t\t\t\t<\/div>\n\t\t\t\t\t\t\t\t\t\t<\/div>\n\t\t\t\t\t\t\t\t\t<\/div>\n\t\t\t\t\t\t\t\t<\/div>\n\t\t\t\t\t\t\t\n\t\t\t\t\t\t\t\t<div class=\"col-md-6 col-sm-6 col-lg-4\">\n\t\t\t\t\t\t\t\t\t<div class=\"post-box w-100 text-center\">\n\t\t\t\t\t\t\t\t\t\t<div class=\"post-info pt-30 w-100\">\n\t\t\t\t\t\t\t\t\t\t\t<ul class=\"post-meta mb-0 list-unstyled d-inline-flex\">\n\t\t\t\t\t\t\t\t\t\t\t\t<li><i class=\"far fa-calendar-alt\"><\/i>fev 22, 2022<\/li>\n\t\t\t\t\t\t\t\t\t\t\t\t<li><i class=\"far fa-comment-dots\"><\/i>2 Comments<\/li>\n\t\t\t\t\t\t\t\t\t\t\t<\/ul>\n\t\t\t\t\t\t\t\t\t\t\t<h3 class=\"mb-0\"><a href=\"https:\/\/predponta.com.br\/blog\/tabela-xado-2022\/\" title=\"\">Tabela XADO 2022<\/a><\/h3>\n\t\t\t\t\t\t\t\t\t\t\t<p class=\"mb-0\"><\/p>\n\t\t\t\t\t\t\t\t\t\t\t<div class=\"post-info-bottom d-flex flex-wrap w-100\">\n\t\t\t\t\t\t\t\t\t\t\t\t<span class=\"d-inline-block text-center\"><i class=\"far fa-edit\"><\/i><a href=\"https:\/\/predponta.com.br\/blog\/author\/predponta\/\" title=\"\">Posted By: predponta<\/a><\/span>\n\t\t\t\t\t\t\t\t\t\t\t<\/div>\n\t\t\t\t\t\t\t\t\t\t<\/div>\n\t\t\t\t\t\t\t\t\t<\/div>\n\t\t\t\t\t\t\t\t<\/div>\n\t\t\t\t\t\t\t\n\t\t\t\t\t\t\t\t<div class=\"col-md-6 col-sm-6 col-lg-4\">\n\t\t\t\t\t\t\t\t\t<div class=\"post-box w-100 text-center\">\n\t\t\t\t\t\t\t\t\t\t<div class=\"post-info pt-30 w-100\">\n\t\t\t\t\t\t\t\t\t\t\t<ul class=\"post-meta mb-0 list-unstyled d-inline-flex\">\n\t\t\t\t\t\t\t\t\t\t\t\t<li><i class=\"far fa-calendar-alt\"><\/i>fev 07, 2022<\/li>\n\t\t\t\t\t\t\t\t\t\t\t\t<li><i class=\"far fa-comment-dots\"><\/i>2 Comments<\/li>\n\t\t\t\t\t\t\t\t\t\t\t<\/ul>\n\t\t\t\t\t\t\t\t\t\t\t<h3 class=\"mb-0\"><a href=\"https:\/\/predponta.com.br\/blog\/oportunidade-vaga-analista-de-vibracao\/\" title=\"\">Oportunidade! Vaga Analista de Vibra\u00e7\u00e3o<\/a><\/h3>\n\t\t\t\t\t\t\t\t\t\t\t<p class=\"mb-0\">Vaga Analista de Vibra\u00e7\u00e3o - Oeste SP Vaga para atender...<\/p>\n\t\t\t\t\t\t\t\t\t\t\t<div class=\"post-info-bottom d-flex flex-wrap w-100\">\n\t\t\t\t\t\t\t\t\t\t\t\t<span class=\"d-inline-block text-center\"><i class=\"far fa-edit\"><\/i><a href=\"https:\/\/predponta.com.br\/blog\/author\/predponta\/\" title=\"\">Posted By: predponta<\/a><\/span>\n\t\t\t\t\t\t\t\t\t\t\t<\/div>\n\t\t\t\t\t\t\t\t\t\t<\/div>\n\t\t\t\t\t\t\t\t\t<\/div>\n\t\t\t\t\t\t\t\t<\/div>\n\t\t\t\t\t\t\t\n\t\t\t\t\t\t\t\t<div class=\"col-md-6 col-sm-6 col-lg-4\">\n\t\t\t\t\t\t\t\t\t<div class=\"post-box w-100 text-center\">\n\t\t\t\t\t\t\t\t\t\t<div class=\"post-img w-100\">\n\t\t\t\t\t\t\t\t\t\t\t<a href=\"https:\/\/predponta.com.br\/blog\/o-que-e-manutencao-preditiva\/\" title=\"\"><span class = \"cato\">Alinhamento a laser<\/span><img decoding=\"async\" class=\"img-fluid w-100\" src=\"https:\/\/predponta.com.br\/blog\/wp-content\/uploads\/bfi_thumb\/oque-e-manutencao-preditiva-pdxrqr1b700wl6h0xcbozd6u89kfp3bmfqk2yi7t3s.jpg\" alt=\"Featured Image\">\n\t\t\t\t\t\t\t\t\t\t\t<\/a>\n\t\t\t\t\t\t\t\t\t\t<\/div>\n\t\t\t\t\t\t\t\t\t\t<div class=\"post-info  w-100\">\n\t\t\t\t\t\t\t\t\t\t\t<ul class=\"post-meta mb-0 list-unstyled d-inline-flex\">\n\t\t\t\t\t\t\t\t\t\t\t\t<li><i class=\"far fa-calendar-alt\"><\/i>nov 14, 2020<\/li>\n\t\t\t\t\t\t\t\t\t\t\t\t<li><i class=\"far fa-comment-dots\"><\/i>19 Comments<\/li>\n\t\t\t\t\t\t\t\t\t\t\t<\/ul>\n\t\t\t\t\t\t\t\t\t\t\t<h3 class=\"mb-0\"><a href=\"https:\/\/predponta.com.br\/blog\/o-que-e-manutencao-preditiva\/\" title=\"\">O que \u00e9 manuten\u00e7\u00e3o preditiva?<\/a><\/h3>\n\t\t\t\t\t\t\t\t\t\t\t<p class=\"mb-0\">A maioria das previs\u00f5es futur\u00edsticas se concretizaram, v\u00eddeos chamadas, meios...<\/p>\n\t\t\t\t\t\t\t\t\t\t\t<div class=\"post-info-bottom d-flex flex-wrap w-100\">\n\t\t\t\t\t\t\t\t\t\t\t\t<span class=\"d-inline-block text-center\"><i class=\"far fa-edit\"><\/i><a href=\"https:\/\/predponta.com.br\/blog\/author\/predponta\/\" title=\"\">Posted By: predponta<\/a><\/span>\n\t\t\t\t\t\t\t\t\t\t\t<\/div>\n\t\t\t\t\t\t\t\t\t\t<\/div>\n\t\t\t\t\t\t\t\t\t<\/div>\n\t\t\t\t\t\t\t\t<\/div>\n\t\t\t\t\t\t\t\n\t\t\t\t\t\t\t\t<div class=\"col-md-6 col-sm-6 col-lg-4\">\n\t\t\t\t\t\t\t\t\t<div class=\"post-box w-100 text-center\">\n\t\t\t\t\t\t\t\t\t\t<div class=\"post-img w-100\">\n\t\t\t\t\t\t\t\t\t\t\t<a href=\"https:\/\/predponta.com.br\/blog\/assinatura-eletrica-esa-e-mca-o-que-e\/\" title=\"\"><span class = \"cato\">Assinatura El\u00e9trica ESA e MCA<\/span><img decoding=\"async\" class=\"img-fluid w-100\" src=\"https:\/\/predponta.com.br\/blog\/wp-content\/uploads\/bfi_thumb\/Post_assinatura_eletrica-pe9qot8nqxlsl7flpdpcqg3eu6qg0x2jf7lyxjd3bs.jpg\" alt=\"Featured Image\">\n\t\t\t\t\t\t\t\t\t\t\t<\/a>\n\t\t\t\t\t\t\t\t\t\t<\/div>\n\t\t\t\t\t\t\t\t\t\t<div class=\"post-info  w-100\">\n\t\t\t\t\t\t\t\t\t\t\t<ul class=\"post-meta mb-0 list-unstyled d-inline-flex\">\n\t\t\t\t\t\t\t\t\t\t\t\t<li><i class=\"far fa-calendar-alt\"><\/i>nov 12, 2020<\/li>\n\t\t\t\t\t\t\t\t\t\t\t\t<li><i class=\"far fa-comment-dots\"><\/i>43 Comments<\/li>\n\t\t\t\t\t\t\t\t\t\t\t<\/ul>\n\t\t\t\t\t\t\t\t\t\t\t<h3 class=\"mb-0\"><a href=\"https:\/\/predponta.com.br\/blog\/assinatura-eletrica-esa-e-mca-o-que-e\/\" title=\"\">Assinatura El\u00e9trica ESA e MCA , o que \u00e9?<\/a><\/h3>\n\t\t\t\t\t\t\t\t\t\t\t<p class=\"mb-0\">Saiba qual a t\u00e9cnica moderna que pode ser uma luz...<\/p>\n\t\t\t\t\t\t\t\t\t\t\t<div class=\"post-info-bottom d-flex flex-wrap w-100\">\n\t\t\t\t\t\t\t\t\t\t\t\t<span class=\"d-inline-block text-center\"><i class=\"far fa-edit\"><\/i><a href=\"https:\/\/predponta.com.br\/blog\/author\/predponta\/\" title=\"\">Posted By: predponta<\/a><\/span>\n\t\t\t\t\t\t\t\t\t\t\t<\/div>\n\t\t\t\t\t\t\t\t\t\t<\/div>\n\t\t\t\t\t\t\t\t\t<\/div>\n\t\t\t\t\t\t\t\t<\/div>\n\t\t\t\t\t\t\t\n\t\t\t\t\t\t\t\t<div class=\"col-md-6 col-sm-6 col-lg-4\">\n\t\t\t\t\t\t\t\t\t<div class=\"post-box w-100 text-center\">\n\t\t\t\t\t\t\t\t\t\t<div class=\"post-img w-100\">\n\t\t\t\t\t\t\t\t\t\t\t<a href=\"https:\/\/predponta.com.br\/blog\/o-que-e-balanceamento-dinamico\/\" title=\"\"><span class = \"cato\">Balanceamento Din\u00e2mico<\/span><img decoding=\"async\" class=\"img-fluid w-100\" src=\"https:\/\/predponta.com.br\/blog\/wp-content\/uploads\/bfi_thumb\/Post_balanceamento_dinamico-pe9pbo8egqc5n2t6n51hduhwv0xnmjzpbzu5qs80m0.jpg\" alt=\"Featured Image\">\n\t\t\t\t\t\t\t\t\t\t\t<\/a>\n\t\t\t\t\t\t\t\t\t\t<\/div>\n\t\t\t\t\t\t\t\t\t\t<div class=\"post-info  w-100\">\n\t\t\t\t\t\t\t\t\t\t\t<ul class=\"post-meta mb-0 list-unstyled d-inline-flex\">\n\t\t\t\t\t\t\t\t\t\t\t\t<li><i class=\"far fa-calendar-alt\"><\/i>nov 10, 2020<\/li>\n\t\t\t\t\t\t\t\t\t\t\t\t<li><i class=\"far fa-comment-dots\"><\/i>24 Comments<\/li>\n\t\t\t\t\t\t\t\t\t\t\t<\/ul>\n\t\t\t\t\t\t\t\t\t\t\t<h3 class=\"mb-0\"><a href=\"https:\/\/predponta.com.br\/blog\/o-que-e-balanceamento-dinamico\/\" title=\"\">O que \u00e9 Balanceamento Din\u00e2mico?<\/a><\/h3>\n\t\t\t\t\t\t\t\t\t\t\t<p class=\"mb-0\">O desbalanceamento \u00e9 um esfor\u00e7o adicional atuante nos mancais de...<\/p>\n\t\t\t\t\t\t\t\t\t\t\t<div class=\"post-info-bottom d-flex flex-wrap w-100\">\n\t\t\t\t\t\t\t\t\t\t\t\t<span class=\"d-inline-block text-center\"><i class=\"far fa-edit\"><\/i><a href=\"https:\/\/predponta.com.br\/blog\/author\/predponta\/\" title=\"\">Posted By: predponta<\/a><\/span>\n\t\t\t\t\t\t\t\t\t\t\t<\/div>\n\t\t\t\t\t\t\t\t\t\t<\/div>\n\t\t\t\t\t\t\t\t\t<\/div>\n\t\t\t\t\t\t\t\t<\/div>\n\t\t\t\t\t\t\t\n\t\t\t\t\t\t\t\t<div class=\"col-md-6 col-sm-6 col-lg-4\">\n\t\t\t\t\t\t\t\t\t<div class=\"post-box w-100 text-center\">\n\t\t\t\t\t\t\t\t\t\t<div class=\"post-img w-100\">\n\t\t\t\t\t\t\t\t\t\t\t<a href=\"https:\/\/predponta.com.br\/blog\/para-que-serve-a-termografia-industrial\/\" title=\"\"><span class = \"cato\">Termografia<\/span><img decoding=\"async\" class=\"img-fluid w-100\" src=\"https:\/\/predponta.com.br\/blog\/wp-content\/uploads\/bfi_thumb\/cabecalho_paginas-pe9t03ptcfmhdag5cdt8offttc7c3dqa7govu7v7yw.jpg\" alt=\"Featured Image\">\n\t\t\t\t\t\t\t\t\t\t\t<\/a>\n\t\t\t\t\t\t\t\t\t\t<\/div>\n\t\t\t\t\t\t\t\t\t\t<div class=\"post-info  w-100\">\n\t\t\t\t\t\t\t\t\t\t\t<ul class=\"post-meta mb-0 list-unstyled d-inline-flex\">\n\t\t\t\t\t\t\t\t\t\t\t\t<li><i class=\"far fa-calendar-alt\"><\/i>out 26, 2020<\/li>\n\t\t\t\t\t\t\t\t\t\t\t\t<li><i class=\"far fa-comment-dots\"><\/i>17 Comments<\/li>\n\t\t\t\t\t\t\t\t\t\t\t<\/ul>\n\t\t\t\t\t\t\t\t\t\t\t<h3 class=\"mb-0\"><a href=\"https:\/\/predponta.com.br\/blog\/para-que-serve-a-termografia-industrial\/\" title=\"\">PARA QUE SERVE A TERMOGRAFIA INDUSTRIAL?<\/a><\/h3>\n\t\t\t\t\t\t\t\t\t\t\t<p class=\"mb-0\">PARA QUE SERVE A TERMOGRAFIA INDUSTRIAL? O princ\u00edpio de funcionamento...<\/p>\n\t\t\t\t\t\t\t\t\t\t\t<div class=\"post-info-bottom d-flex flex-wrap w-100\">\n\t\t\t\t\t\t\t\t\t\t\t\t<span class=\"d-inline-block text-center\"><i class=\"far fa-edit\"><\/i><a href=\"https:\/\/predponta.com.br\/blog\/author\/predponta\/\" title=\"\">Posted By: predponta<\/a><\/span>\n\t\t\t\t\t\t\t\t\t\t\t<\/div>\n\t\t\t\t\t\t\t\t\t\t<\/div>\n\t\t\t\t\t\t\t\t\t<\/div>\n\t\t\t\t\t\t\t\t<\/div>\n\t\t\t\t\t<\/div>\n\t\t\t\t<\/div>\n\t\t\t<\/div>\n\t\t<\/div>\n\t<\/section>\t\t<\/div>\n\t\t\t\t<\/div>\n\t\t\t\t\t<\/div>\n\t\t<\/div>\n\t\t\t\t\t\t\t<\/div>\n\t\t<\/section>\n\t\t\t\t\t\t<\/div>\n\t\t\t\t\t<\/div>\n\t\t","protected":false},"excerpt":{"rendered":"<p>Alinhamento a laser nov 14, 2020 1 Comments O que \u00e9 manuten\u00e7\u00e3o preditiva? A maioria das previs\u00f5es futur\u00edsticas se concretizaram, v\u00eddeos chamadas, meios&#8230; Posted By: predponta Assinatura El\u00e9trica ESA e MCA nov 12, 2020 1 Comments Assinatura El\u00e9trica ESA e MCA , o que \u00e9? Saiba qual a t\u00e9cnica moderna [&hellip;]<\/p>\n","protected":false},"author":1,"featured_media":0,"parent":0,"menu_order":0,"comment_status":"closed","ping_status":"closed","template":"","meta":{"_monsterinsights_skip_tracking":false,"_monsterinsights_sitenote_active":false,"_monsterinsights_sitenote_note":"","_monsterinsights_sitenote_category":0,"footnotes":""},"class_list":["post-425","page","type-page","status-publish","hentry"],"_links":{"self":[{"href":"https:\/\/predponta.com.br\/blog\/wp-json\/wp\/v2\/pages\/425","targetHints":{"allow":["GET"]}}],"collection":[{"href":"https:\/\/predponta.com.br\/blog\/wp-json\/wp\/v2\/pages"}],"about":[{"href":"https:\/\/predponta.com.br\/blog\/wp-json\/wp\/v2\/types\/page"}],"author":[{"embeddable":true,"href":"https:\/\/predponta.com.br\/blog\/wp-json\/wp\/v2\/users\/1"}],"replies":[{"embeddable":true,"href":"https:\/\/predponta.com.br\/blog\/wp-json\/wp\/v2\/comments?post=425"}],"version-history":[{"count":6,"href":"https:\/\/predponta.com.br\/blog\/wp-json\/wp\/v2\/pages\/425\/revisions"}],"predecessor-version":[{"id":1423,"href":"https:\/\/predponta.com.br\/blog\/wp-json\/wp\/v2\/pages\/425\/revisions\/1423"}],"wp:attachment":[{"href":"https:\/\/predponta.com.br\/blog\/wp-json\/wp\/v2\/media?parent=425"}],"curies":[{"name":"wp","href":"https:\/\/api.w.org\/{rel}","templated":true}]}}